{"id":222884,"date":"2020-07-28T12:44:18","date_gmt":"2020-07-28T10:44:18","guid":{"rendered":"https:\/\/www.ingenioustechnologies.com\/?page_id=222884"},"modified":"2023-03-15T13:16:24","modified_gmt":"2023-03-15T12:16:24","slug":"naechste-veranstaltungen","status":"publish","type":"page","link":"https:\/\/p-p17t8n.project.space\/de\/naechste-veranstaltungen\/","title":{"rendered":"N\u00e4chste Veranstaltungen"},"content":{"rendered":"<p>[et_pb_section fb_built=&#8220;1&#8243; custom_padding_last_edited=&#8220;on|desktop&#8220; admin_label=&#8220;Hero Section&#8220; _builder_version=&#8220;4.16&#8243; background_enable_color=&#8220;off&#8220; background_image=&#8220;https:\/\/www.ingenioustechnologies.com\/wp-content\/uploads\/2020\/07\/bryony-elena-uH-tpUeMjbQ-unsplash-1.jpg&#8220; custom_padding_tablet=&#8220;|||&#8220; custom_padding_phone=&#8220;|||&#8220; global_colors_info=&#8220;{}&#8220;][et_pb_row _builder_version=&#8220;4.17.4&#8243; background_color=&#8220;#C45454&#8243; width=&#8220;89%&#8220; custom_padding=&#8220;|||&#8220; animation_direction=&#8220;bottom&#8220; global_colors_info=&#8220;{}&#8220;][et_pb_column type=&#8220;4_4&#8243; _builder_version=&#8220;4.17.4&#8243; background_color=&#8220;#C40303&#8243; custom_padding=&#8220;|||&#8220; global_colors_info=&#8220;{}&#8220; custom_padding__hover=&#8220;|||&#8220;][et_pb_text admin_label=&#8220;Title and subhead&#8220; _builder_version=&#8220;4.17.4&#8243; text_text_color=&#8220;#ffffff&#8220; header_font=&#8220;|600|||||||&#8220; header_font_size=&#8220;50px&#8220; header_2_font=&#8220;||||||||&#8220; background_color=&#8220;#C45454&#8243; text_orientation=&#8220;center&#8220; module_alignment=&#8220;center&#8220; custom_padding=&#8220;2%||2%||false|false&#8220; header_font_size_tablet=&#8220;&#8220; header_font_size_phone=&#8220;40px&#8220; header_font_size_last_edited=&#8220;on|desktop&#8220; locked=&#8220;off&#8220; global_colors_info=&#8220;{}&#8220;]<\/p>\n<h1><span style=\"color: #ffffff;\">N\u00e4chste Veranstaltungen<\/span><\/h1>\n<h2><span style=\"color: #ffffff;\">Hier finden Sie uns als N\u00e4chstes!<\/span><\/h2>\n<p>[\/et_pb_text][\/et_pb_column][\/et_pb_row][et_pb_row column_structure=&#8220;1_3,1_3,1_3&#8243; _builder_version=&#8220;4.16&#8243; background_enable_color=&#8220;off&#8220; locked=&#8220;off&#8220; global_colors_info=&#8220;{}&#8220;][et_pb_column type=&#8220;1_3&#8243; _builder_version=&#8220;4.16&#8243; global_colors_info=&#8220;{}&#8220;][et_pb_blurb title=&#8220;OMR Festival 2023&#8243; url_new_window=&#8220;on&#8220; image_icon_background_color=&#8220;#C45454&#8243; title_last_edited=&#8220;off|desktop&#8220; _builder_version=&#8220;4.19.4&#8243; header_font=&#8220;Montserrat|700|||||||&#8220; background_color=&#8220;#C45454&#8243; text_orientation=&#8220;center&#8220; custom_padding=&#8220;5%|6%|3%|7%|false|false&#8220; animation_direction=&#8220;bottom&#8220; animation=&#8220;off&#8220; link_option_url_new_window=&#8220;on&#8220; hover_enabled=&#8220;0&#8243; locked=&#8220;off&#8220; global_colors_info=&#8220;{}&#8220; sticky_enabled=&#8220;0&#8243; body_text_color=&#8220;#7c7c7c&#8220;]<\/p>\n<p><span style=\"color: #ffffff;\">09. &#8211; 10. Mai<\/span><\/p>\n<p>&nbsp;<\/p>\n<p>[\/et_pb_blurb][\/et_pb_column][et_pb_column type=&#8220;1_3&#8243; _builder_version=&#8220;4.16&#8243; global_colors_info=&#8220;{}&#8220;][et_pb_blurb title=&#8220;IGB Affiliate Amsterdam 2023&#8243; url_new_window=&#8220;on&#8220; alt=&#8220;Partner Marketing Summit Logo 1000 x 400&#8243; _builder_version=&#8220;4.19.4&#8243; header_font=&#8220;Montserrat|700|||||||&#8220; header_text_color=&#8220;#474747&#8243; body_text_color=&#8220;#FFFFFF&#8220; background_color=&#8220;#C45454&#8243; text_orientation=&#8220;center&#8220; custom_padding=&#8220;5%|6%|3%|7%|false|false&#8220; animation_direction=&#8220;bottom&#8220; animation=&#8220;off&#8220; link_option_url_new_window=&#8220;on&#8220; hover_enabled=&#8220;0&#8243; locked=&#8220;off&#8220; global_colors_info=&#8220;{}&#8220; sticky_enabled=&#8220;0&#8243;]<\/p>\n<p>11. &#8211; 14. Juli<\/p>\n<p>&nbsp;<\/p>\n<p>[\/et_pb_blurb][\/et_pb_column][et_pb_column type=&#8220;1_3&#8243; _builder_version=&#8220;4.16&#8243; global_colors_info=&#8220;{}&#8220;][et_pb_blurb title=&#8220;Gaming in Germany Conference im Ritz-Carlton Berlin&#8220; url_new_window=&#8220;on&#8220; alt=&#8220;Partner Marketing Summit Logo 1000 x 400&#8243; _builder_version=&#8220;4.19.4&#8243; header_font=&#8220;Montserrat|700|||||||&#8220; background_color=&#8220;#C45454&#8243; text_orientation=&#8220;center&#8220; custom_padding=&#8220;5%|6%|3%|7%|false|false&#8220; animation_direction=&#8220;bottom&#8220; animation=&#8220;off&#8220; link_option_url_new_window=&#8220;on&#8220; hover_enabled=&#8220;0&#8243; locked=&#8220;off&#8220; global_colors_info=&#8220;{}&#8220; header_text_color=&#8220;#474747&#8243; sticky_enabled=&#8220;0&#8243;]<\/p>\n<p><span style=\"color: #ffffff;\">September 2023<\/span><\/p>\n<p>&nbsp;<\/p>\n<p>[\/et_pb_blurb][\/et_pb_column][\/et_pb_row][et_pb_row column_structure=&#8220;1_3,1_3,1_3&#8243; _builder_version=&#8220;4.16&#8243; background_enable_color=&#8220;off&#8220; global_colors_info=&#8220;{}&#8220;][et_pb_column type=&#8220;1_3&#8243; _builder_version=&#8220;4.16&#8243; _module_preset=&#8220;default&#8220; global_colors_info=&#8220;{}&#8220;][\/et_pb_column][et_pb_column type=&#8220;1_3&#8243; _builder_version=&#8220;4.16&#8243; global_colors_info=&#8220;{}&#8220;][\/et_pb_column][et_pb_column type=&#8220;1_3&#8243; _builder_version=&#8220;4.16&#8243; _module_preset=&#8220;default&#8220; global_colors_info=&#8220;{}&#8220;][\/et_pb_column][\/et_pb_row][\/et_pb_section]<\/p>\n","protected":false},"excerpt":{"rendered":"<p>N\u00e4chste Veranstaltungen Hier finden Sie uns als N\u00e4chstes!09. &#8211; 10. Mai &nbsp;11. &#8211; 14. Juli &nbsp;September 2023 &nbsp;<\/p>\n","protected":false},"author":42,"featured_media":0,"parent":0,"menu_order":0,"comment_status":"closed","ping_status":"closed","template":"","meta":{"_et_pb_use_builder":"on","_et_pb_old_content":"","_et_gb_content_width":"","_links_to":"","_links_to_target":""},"yoast_head":"<!-- This site is optimized with the Yoast SEO plugin v19.13 - https:\/\/yoast.com\/wordpress\/plugins\/seo\/ -->\n<title>N\u00e4chste Veranstaltungen &mdash; Ingenious Technologies AG<\/title>\n<meta name=\"robots\" content=\"index, follow, max-snippet:-1, max-image-preview:large, max-video-preview:-1\" \/>\n<link rel=\"canonical\" href=\"https:\/\/p-p17t8n.project.space\/de\/naechste-veranstaltungen\/\" \/>\n<meta property=\"og:locale\" content=\"de_DE\" \/>\n<meta property=\"og:type\" content=\"article\" \/>\n<meta property=\"og:title\" content=\"N\u00e4chste Veranstaltungen &mdash; Ingenious Technologies AG\" \/>\n<meta property=\"og:description\" content=\"N\u00e4chste Veranstaltungen Hier finden Sie uns als N\u00e4chstes!09. - 10. Mai &nbsp;11. - 14. Juli &nbsp;September 2023 &nbsp;\" \/>\n<meta property=\"og:url\" content=\"https:\/\/p-p17t8n.project.space\/de\/naechste-veranstaltungen\/\" \/>\n<meta property=\"og:site_name\" content=\"Ingenious Technologies AG\" \/>\n<meta property=\"article:publisher\" content=\"https:\/\/www.facebook.com\/IngeniousTechAG\" \/>\n<meta property=\"article:modified_time\" content=\"2023-03-15T12:16:24+00:00\" \/>\n<meta property=\"og:image\" content=\"https:\/\/p-p17t8n.project.space\/wp-content\/uploads\/2021\/02\/2021-02-09.png\" \/>\n\t<meta property=\"og:image:width\" content=\"956\" \/>\n\t<meta property=\"og:image:height\" content=\"602\" \/>\n\t<meta property=\"og:image:type\" content=\"image\/png\" \/>\n<meta name=\"twitter:card\" content=\"summary_large_image\" \/>\n<meta name=\"twitter:site\" content=\"@IngeniousTechAG\" \/>\n<meta name=\"twitter:label1\" content=\"Gesch\u00e4tzte Lesezeit\" \/>\n\t<meta name=\"twitter:data1\" content=\"1\u00a0Minute\" \/>\n<script type=\"application\/ld+json\" class=\"yoast-schema-graph\">{\"@context\":\"https:\/\/schema.org\",\"@graph\":[{\"@type\":\"WebPage\",\"@id\":\"https:\/\/p-p17t8n.project.space\/de\/naechste-veranstaltungen\/\",\"url\":\"https:\/\/p-p17t8n.project.space\/de\/naechste-veranstaltungen\/\",\"name\":\"N\u00e4chste Veranstaltungen &mdash; Ingenious Technologies AG\",\"isPartOf\":{\"@id\":\"https:\/\/p-p17t8n.project.space\/#website\"},\"datePublished\":\"2020-07-28T10:44:18+00:00\",\"dateModified\":\"2023-03-15T12:16:24+00:00\",\"breadcrumb\":{\"@id\":\"https:\/\/p-p17t8n.project.space\/de\/naechste-veranstaltungen\/#breadcrumb\"},\"inLanguage\":\"de\",\"potentialAction\":[{\"@type\":\"ReadAction\",\"target\":[\"https:\/\/p-p17t8n.project.space\/de\/naechste-veranstaltungen\/\"]}]},{\"@type\":\"BreadcrumbList\",\"@id\":\"https:\/\/p-p17t8n.project.space\/de\/naechste-veranstaltungen\/#breadcrumb\",\"itemListElement\":[{\"@type\":\"ListItem\",\"position\":1,\"name\":\"Home\",\"item\":\"https:\/\/p-p17t8n.project.space\/de\/\"},{\"@type\":\"ListItem\",\"position\":2,\"name\":\"N\u00e4chste Veranstaltungen\"}]},{\"@type\":\"WebSite\",\"@id\":\"https:\/\/p-p17t8n.project.space\/#website\",\"url\":\"https:\/\/p-p17t8n.project.space\/\",\"name\":\"Ingenious Technologies AG\",\"description\":\"Europe&#039;s No. 1 Partner Marketing Platform\",\"publisher\":{\"@id\":\"https:\/\/p-p17t8n.project.space\/#organization\"},\"potentialAction\":[{\"@type\":\"SearchAction\",\"target\":{\"@type\":\"EntryPoint\",\"urlTemplate\":\"https:\/\/p-p17t8n.project.space\/?s={search_term_string}\"},\"query-input\":\"required name=search_term_string\"}],\"inLanguage\":\"de\"},{\"@type\":\"Organization\",\"@id\":\"https:\/\/p-p17t8n.project.space\/#organization\",\"name\":\"Ingenious Technologies AG\",\"url\":\"https:\/\/p-p17t8n.project.space\/\",\"logo\":{\"@type\":\"ImageObject\",\"inLanguage\":\"de\",\"@id\":\"https:\/\/p-p17t8n.project.space\/#\/schema\/logo\/image\/\",\"url\":\"https:\/\/www.ingenioustechnologies.com\/wp-content\/uploads\/2015\/01\/Ingenious_Logo_2zeiler.png\",\"contentUrl\":\"https:\/\/www.ingenioustechnologies.com\/wp-content\/uploads\/2015\/01\/Ingenious_Logo_2zeiler.png\",\"width\":800,\"height\":921,\"caption\":\"Ingenious Technologies AG\"},\"image\":{\"@id\":\"https:\/\/p-p17t8n.project.space\/#\/schema\/logo\/image\/\"},\"sameAs\":[\"https:\/\/www.linkedin.com\/company\/ingenious-technologies-ag\",\"https:\/\/www.youtube.com\/user\/IngeniousTechAG\",\"https:\/\/www.facebook.com\/IngeniousTechAG\",\"https:\/\/twitter.com\/IngeniousTechAG\"]}]}<\/script>\n<!-- \/ Yoast SEO plugin. -->","yoast_head_json":{"title":"N\u00e4chste Veranstaltungen &mdash; Ingenious Technologies AG","robots":{"index":"index","follow":"follow","max-snippet":"max-snippet:-1","max-image-preview":"max-image-preview:large","max-video-preview":"max-video-preview:-1"},"canonical":"https:\/\/p-p17t8n.project.space\/de\/naechste-veranstaltungen\/","og_locale":"de_DE","og_type":"article","og_title":"N\u00e4chste Veranstaltungen &mdash; Ingenious Technologies AG","og_description":"N\u00e4chste Veranstaltungen Hier finden Sie uns als N\u00e4chstes!09. - 10. Mai &nbsp;11. - 14. Juli &nbsp;September 2023 &nbsp;","og_url":"https:\/\/p-p17t8n.project.space\/de\/naechste-veranstaltungen\/","og_site_name":"Ingenious Technologies AG","article_publisher":"https:\/\/www.facebook.com\/IngeniousTechAG","article_modified_time":"2023-03-15T12:16:24+00:00","og_image":[{"width":956,"height":602,"url":"https:\/\/p-p17t8n.project.space\/wp-content\/uploads\/2021\/02\/2021-02-09.png","type":"image\/png"}],"twitter_card":"summary_large_image","twitter_site":"@IngeniousTechAG","twitter_misc":{"Gesch\u00e4tzte Lesezeit":"1\u00a0Minute"},"schema":{"@context":"https:\/\/schema.org","@graph":[{"@type":"WebPage","@id":"https:\/\/p-p17t8n.project.space\/de\/naechste-veranstaltungen\/","url":"https:\/\/p-p17t8n.project.space\/de\/naechste-veranstaltungen\/","name":"N\u00e4chste Veranstaltungen &mdash; Ingenious Technologies AG","isPartOf":{"@id":"https:\/\/p-p17t8n.project.space\/#website"},"datePublished":"2020-07-28T10:44:18+00:00","dateModified":"2023-03-15T12:16:24+00:00","breadcrumb":{"@id":"https:\/\/p-p17t8n.project.space\/de\/naechste-veranstaltungen\/#breadcrumb"},"inLanguage":"de","potentialAction":[{"@type":"ReadAction","target":["https:\/\/p-p17t8n.project.space\/de\/naechste-veranstaltungen\/"]}]},{"@type":"BreadcrumbList","@id":"https:\/\/p-p17t8n.project.space\/de\/naechste-veranstaltungen\/#breadcrumb","itemListElement":[{"@type":"ListItem","position":1,"name":"Home","item":"https:\/\/p-p17t8n.project.space\/de\/"},{"@type":"ListItem","position":2,"name":"N\u00e4chste Veranstaltungen"}]},{"@type":"WebSite","@id":"https:\/\/p-p17t8n.project.space\/#website","url":"https:\/\/p-p17t8n.project.space\/","name":"Ingenious Technologies AG","description":"Europe&#039;s No. 1 Partner Marketing Platform","publisher":{"@id":"https:\/\/p-p17t8n.project.space\/#organization"},"potentialAction":[{"@type":"SearchAction","target":{"@type":"EntryPoint","urlTemplate":"https:\/\/p-p17t8n.project.space\/?s={search_term_string}"},"query-input":"required name=search_term_string"}],"inLanguage":"de"},{"@type":"Organization","@id":"https:\/\/p-p17t8n.project.space\/#organization","name":"Ingenious Technologies AG","url":"https:\/\/p-p17t8n.project.space\/","logo":{"@type":"ImageObject","inLanguage":"de","@id":"https:\/\/p-p17t8n.project.space\/#\/schema\/logo\/image\/","url":"https:\/\/www.ingenioustechnologies.com\/wp-content\/uploads\/2015\/01\/Ingenious_Logo_2zeiler.png","contentUrl":"https:\/\/www.ingenioustechnologies.com\/wp-content\/uploads\/2015\/01\/Ingenious_Logo_2zeiler.png","width":800,"height":921,"caption":"Ingenious Technologies AG"},"image":{"@id":"https:\/\/p-p17t8n.project.space\/#\/schema\/logo\/image\/"},"sameAs":["https:\/\/www.linkedin.com\/company\/ingenious-technologies-ag","https:\/\/www.youtube.com\/user\/IngeniousTechAG","https:\/\/www.facebook.com\/IngeniousTechAG","https:\/\/twitter.com\/IngeniousTechAG"]}]}},"_links":{"self":[{"href":"https:\/\/p-p17t8n.project.space\/de\/wp-json\/wp\/v2\/pages\/222884"}],"collection":[{"href":"https:\/\/p-p17t8n.project.space\/de\/wp-json\/wp\/v2\/pages"}],"about":[{"href":"https:\/\/p-p17t8n.project.space\/de\/wp-json\/wp\/v2\/types\/page"}],"author":[{"embeddable":true,"href":"https:\/\/p-p17t8n.project.space\/de\/wp-json\/wp\/v2\/users\/42"}],"replies":[{"embeddable":true,"href":"https:\/\/p-p17t8n.project.space\/de\/wp-json\/wp\/v2\/comments?post=222884"}],"version-history":[{"count":67,"href":"https:\/\/p-p17t8n.project.space\/de\/wp-json\/wp\/v2\/pages\/222884\/revisions"}],"predecessor-version":[{"id":238756,"href":"https:\/\/p-p17t8n.project.space\/de\/wp-json\/wp\/v2\/pages\/222884\/revisions\/238756"}],"wp:attachment":[{"href":"https:\/\/p-p17t8n.project.space\/de\/wp-json\/wp\/v2\/media?parent=222884"}],"curies":[{"name":"wp","href":"https:\/\/api.w.org\/{rel}","templated":true}]}}